{"id":81,"date":"2013-05-17T09:21:42","date_gmt":"2013-05-17T09:21:42","guid":{"rendered":"http:\/\/artstudio.pt\/wp\/?page_id=81"},"modified":"2013-05-27T10:37:01","modified_gmt":"2013-05-27T10:37:01","slug":"biography","status":"publish","type":"page","link":"http:\/\/artstudio.pt\/wp\/?page_id=81","title":{"rendered":"Biografia"},"content":{"rendered":"<p><a href=\"http:\/\/artstudio.pt\/wp\/wp-content\/uploads\/NY235.jpg\"><img loading=\"lazy\" class=\"alignleft size-thumbnail wp-image-246\" alt=\"NY235\" src=\"http:\/\/artstudio.pt\/wp\/wp-content\/uploads\/NY235-e1369153275929-145x145.jpg\" width=\"145\" height=\"145\" \/><\/a><\/p>\n<p>Por detr\u00e1s de uma lente, vibro a cada instante. Porque vejo a realidade numa outra perspetiva\u2026 porque estou a partilhar aquele momento\u2026 porque capto mem\u00f3rias\u2026 Sou fot\u00f3grafa h\u00e1 mais de 20 anos porque tenho paix\u00e3o.<\/p>\n<p>Encaro esta profiss\u00e3o de uma forma multifacetada, porque s\u00f3 assim a consigo conhecer melhor, aperfei\u00e7oar as minhas t\u00e9cnicas e levar o meu profissionalismo ao limite.<\/p>\n<p>Entre Portugal e Espanha, trabalhei nas \u00e1reas da imprensa, comunica\u00e7\u00e3o art\u00edstica e editorial, m\u00fasica, moda, cinema, teatro, viagem e empresas p\u00fablicas e privadas. Desta forma, fui completando o meu portf\u00f3lio com fotografias de reportagem, moda, cenas de filme, guias, exposi\u00e7\u00f5es, entre outros trabalhos. Al\u00e9m disso, colaborei na edi\u00e7\u00e3o de livros e participei em exposi\u00e7\u00f5es fotogr\u00e1ficas.<\/p>\n<p>Atualmente, como freelancer, dedico-me a reportagem de eventos, retratos (campanhas eleitorais e institucionais), cirurgias,arquitetura e interiores (hot\u00e9is, lojas e restaurantes), produto (pratos de chefes e cat\u00e1logos), e fotografias para revistas institucionais, como Millenium BCP, Caixa Geral, de Dep\u00f3sitos, Santander e Banif, Liberty e A\u00e7oreana, Livening, UP Magazine (Tap) e Revista de Vinhos.<\/p>\n<p>No meu portf\u00f3lio somam-se as colabora\u00e7\u00f5es com outras distintas entidades:<br \/>\nFunda\u00e7\u00e3o de Serralves, Casa da M\u00fasica, Bial, ANA, Siemens, Sonaecom, McCormick,Hospital de Santa Maria, Gr\u00e1ficos \u00e0 Lapa, Balonas Projetos, Central de Cervejas, projeto Alltodouro.<\/p>\n<p>Dizem que sou perfecionista, mas cada fotografia merece a melhor luz, cor, \u00e2ngulo, detalhes\u2026 Cada momento \u00e9 singular e, por isso, por detr\u00e1s da lente apenas quero regist\u00e1-lo, eterniz\u00e1-lo\u2026 e continuar a estar apaixonada por isto\u2026<\/p>\n","protected":false},"excerpt":{"rendered":"<p> [&hellip;]<\/p>\n","protected":false},"author":1,"featured_media":0,"parent":0,"menu_order":0,"comment_status":"closed","ping_status":"closed","template":"","meta":[],"_links":{"self":[{"href":"http:\/\/artstudio.pt\/wp\/index.php?rest_route=\/wp\/v2\/pages\/81"}],"collection":[{"href":"http:\/\/artstudio.pt\/wp\/index.php?rest_route=\/wp\/v2\/pages"}],"about":[{"href":"http:\/\/artstudio.pt\/wp\/index.php?rest_route=\/wp\/v2\/types\/page"}],"author":[{"embeddable":true,"href":"http:\/\/artstudio.pt\/wp\/index.php?rest_route=\/wp\/v2\/users\/1"}],"replies":[{"embeddable":true,"href":"http:\/\/artstudio.pt\/wp\/index.php?rest_route=%2Fwp%2Fv2%2Fcomments&post=81"}],"version-history":[{"count":19,"href":"http:\/\/artstudio.pt\/wp\/index.php?rest_route=\/wp\/v2\/pages\/81\/revisions"}],"predecessor-version":[{"id":509,"href":"http:\/\/artstudio.pt\/wp\/index.php?rest_route=\/wp\/v2\/pages\/81\/revisions\/509"}],"wp:attachment":[{"href":"http:\/\/artstudio.pt\/wp\/index.php?rest_route=%2Fwp%2Fv2%2Fmedia&parent=81"}],"curies":[{"name":"wp","href":"https:\/\/api.w.org\/{rel}","templated":true}]}}